{"id":4908,"date":"2025-10-02T10:47:03","date_gmt":"2025-10-02T08:47:03","guid":{"rendered":"https:\/\/eisenstadt.online\/?post_type=product&#038;p=4908"},"modified":"2025-10-09T10:21:30","modified_gmt":"2025-10-09T08:21:30","slug":"avast-essential-business-security-2-jahre","status":"publish","type":"product","link":"https:\/\/www.ulli.cc\/shop\/store\/avast-essential-business-security-2-jahre\/","title":{"rendered":"Avast Essential Business Security (2 Jahre)"},"content":{"rendered":"<p>Enth\u00e4lt die preisgekr\u00f6nte Antivirus-L\u00f6sung, um Unternehmen gegen Viren, Phishing, Ransomware, Spyware, Zero- Second-Bedrohungen, Sicherheitsl\u00fccken in WLAN- Netzwerken und vielem mehr zu sch\u00fctzen.<\/p>\n","protected":false},"excerpt":{"rendered":"<p>Enth\u00e4lt die preisgekr\u00f6nte Antivirus-L\u00f6sung, um Unternehmen gegen Viren, Phishing, Ransomware, Spyware, Zero- Second-Bedrohungen, Sicherheitsl\u00fccken in WLAN- Netzwerken und vielem mehr zu sch\u00fctzen.<\/p>\n","protected":false},"featured_media":5069,"comment_status":"closed","ping_status":"closed","template":"","meta":{"_uag_custom_page_level_css":"","site-sidebar-layout":"default","site-content-layout":"","ast-site-content-layout":"default","site-content-style":"default","site-sidebar-style":"default","ast-global-header-display":"","ast-banner-title-visibility":"","ast-main-header-display":"","ast-hfb-above-header-display":"","ast-hfb-below-header-display":"","ast-hfb-mobile-header-display":"","site-post-title":"","ast-breadcrumbs-content":"","ast-featured-img":"","footer-sml-layout":"","theme-transparent-header-meta":"default","adv-header-id-meta":"","stick-header-meta":"","header-above-stick-meta":"","header-main-stick-meta":"","header-below-stick-meta":"","astra-migrate-meta-layouts":"set","ast-page-background-enabled":"default","ast-page-background-meta":{"desktop":{"background-color":"","background-image":"","background-repeat":"repeat","background-position":"center center","background-size":"auto","background-attachment":"scroll","background-type":"","background-media":"","overlay-type":"","overlay-color":"","overlay-opacity":"","overlay-gradient":""},"tablet":{"background-color":"","background-image":"","background-repeat":"repeat","background-position":"center center","background-size":"auto","background-attachment":"scroll","background-type":"","background-media":"","overlay-type":"","overlay-color":"","overlay-opacity":"","overlay-gradient":""},"mobile":{"background-color":"","background-image":"","background-repeat":"repeat","background-position":"center center","background-size":"auto","background-attachment":"scroll","background-type":"","background-media":"","overlay-type":"","overlay-color":"","overlay-opacity":"","overlay-gradient":""}},"ast-content-background-meta":{"desktop":{"background-color":"var(--ast-global-color-5)","background-image":"","background-repeat":"repeat","background-position":"center center","background-size":"auto","background-attachment":"scroll","background-type":"","background-media":"","overlay-type":"","overlay-color":"","overlay-opacity":"","overlay-gradient":""},"tablet":{"background-color":"var(--ast-global-color-5)","background-image":"","background-repeat":"repeat","background-position":"center center","background-size":"auto","background-attachment":"scroll","background-type":"","background-media":"","overlay-type":"","overlay-color":"","overlay-opacity":"","overlay-gradient":""},"mobile":{"background-color":"var(--ast-global-color-5)","background-image":"","background-repeat":"repeat","background-position":"center center","background-size":"auto","background-attachment":"scroll","background-type":"","background-media":"","overlay-type":"","overlay-color":"","overlay-opacity":"","overlay-gradient":""}}},"product_brand":[],"product_cat":[110,111,101],"product_tag":[],"class_list":{"0":"post-4908","1":"product","2":"type-product","3":"status-publish","4":"has-post-thumbnail","6":"product_cat-avast","7":"product_cat-avast-essential-business-security","8":"product_cat-hersteller","9":"product_shipping_class-software","10":"desktop-align-left","11":"tablet-align-left","12":"mobile-align-left","14":"first","15":"instock","16":"taxable","17":"shipping-taxable","18":"purchasable","19":"product-type-simple"},"yoast_head":"<!-- This site is optimized with the Yoast SEO plugin v27.4 - https:\/\/yoast.com\/product\/yoast-seo-wordpress\/ -->\n<title>Avast Essential Business Security (2 Jahre) - IT PRO SHOP<\/title>\n<meta name=\"description\" content=\"Enth\u00e4lt die preisgekr\u00f6nte Antivirus-L\u00f6sung, um Unternehmen gegen Viren, Phishing, Ransomware und vielem mehr zu sch\u00fctzen.\" \/>\n<meta name=\"robots\" content=\"index, follow, max-snippet:-1, max-image-preview:large, max-video-preview:-1\" \/>\n<link rel=\"canonical\" href=\"https:\/\/www.ulli.cc\/shop\/store\/avast-essential-business-security-2-jahre\/\" \/>\n<meta property=\"og:locale\" content=\"de_DE\" \/>\n<meta property=\"og:type\" content=\"article\" \/>\n<meta property=\"og:title\" content=\"Avast Essential Business Security (2 Jahre) - IT PRO SHOP\" \/>\n<meta property=\"og:description\" content=\"Enth\u00e4lt die preisgekr\u00f6nte Antivirus-L\u00f6sung, um Unternehmen gegen Viren, Phishing, Ransomware und vielem mehr zu sch\u00fctzen.\" \/>\n<meta property=\"og:url\" content=\"https:\/\/www.ulli.cc\/shop\/store\/avast-essential-business-security-2-jahre\/\" \/>\n<meta property=\"og:site_name\" content=\"IT PRO SHOP\" \/>\n<meta property=\"article:modified_time\" content=\"2025-10-09T08:21:30+00:00\" \/>\n<meta property=\"og:image\" content=\"https:\/\/www.ulli.cc\/shop\/wp-content\/uploads\/Avast-Versionen-1.png\" \/>\n\t<meta property=\"og:image:width\" content=\"900\" \/>\n\t<meta property=\"og:image:height\" content=\"900\" \/>\n\t<meta property=\"og:image:type\" content=\"image\/png\" \/>\n<meta name=\"twitter:label1\" content=\"Gesch\u00e4tzte Lesezeit\" \/>\n\t<meta name=\"twitter:data1\" content=\"1\u00a0Minute\" \/>\n<script type=\"application\/ld+json\" class=\"yoast-schema-graph\">{\"@context\":\"https:\\\/\\\/schema.org\",\"@graph\":[{\"@type\":\"WebPage\",\"@id\":\"https:\\\/\\\/www.ulli.cc\\\/shop\\\/store\\\/avast-essential-business-security-2-jahre\\\/\",\"url\":\"https:\\\/\\\/www.ulli.cc\\\/shop\\\/store\\\/avast-essential-business-security-2-jahre\\\/\",\"name\":\"Avast Essential Business Security (2 Jahre) - IT PRO SHOP\",\"isPartOf\":{\"@id\":\"https:\\\/\\\/www.ulli.cc\\\/shop\\\/#website\"},\"primaryImageOfPage\":{\"@id\":\"https:\\\/\\\/www.ulli.cc\\\/shop\\\/store\\\/avast-essential-business-security-2-jahre\\\/#primaryimage\"},\"image\":{\"@id\":\"https:\\\/\\\/www.ulli.cc\\\/shop\\\/store\\\/avast-essential-business-security-2-jahre\\\/#primaryimage\"},\"thumbnailUrl\":\"https:\\\/\\\/www.ulli.cc\\\/shop\\\/wp-content\\\/uploads\\\/Avast-Versionen-1.png\",\"datePublished\":\"2025-10-02T08:47:03+00:00\",\"dateModified\":\"2025-10-09T08:21:30+00:00\",\"description\":\"Enth\u00e4lt die preisgekr\u00f6nte Antivirus-L\u00f6sung, um Unternehmen gegen Viren, Phishing, Ransomware und vielem mehr zu sch\u00fctzen.\",\"breadcrumb\":{\"@id\":\"https:\\\/\\\/www.ulli.cc\\\/shop\\\/store\\\/avast-essential-business-security-2-jahre\\\/#breadcrumb\"},\"inLanguage\":\"de\",\"potentialAction\":[{\"@type\":\"ReadAction\",\"target\":[\"https:\\\/\\\/www.ulli.cc\\\/shop\\\/store\\\/avast-essential-business-security-2-jahre\\\/\"]}]},{\"@type\":\"ImageObject\",\"inLanguage\":\"de\",\"@id\":\"https:\\\/\\\/www.ulli.cc\\\/shop\\\/store\\\/avast-essential-business-security-2-jahre\\\/#primaryimage\",\"url\":\"https:\\\/\\\/www.ulli.cc\\\/shop\\\/wp-content\\\/uploads\\\/Avast-Versionen-1.png\",\"contentUrl\":\"https:\\\/\\\/www.ulli.cc\\\/shop\\\/wp-content\\\/uploads\\\/Avast-Versionen-1.png\",\"width\":900,\"height\":900,\"caption\":\"Avast Versionen\"},{\"@type\":\"BreadcrumbList\",\"@id\":\"https:\\\/\\\/www.ulli.cc\\\/shop\\\/store\\\/avast-essential-business-security-2-jahre\\\/#breadcrumb\",\"itemListElement\":[{\"@type\":\"ListItem\",\"position\":1,\"name\":\"Home\",\"item\":\"https:\\\/\\\/www.ulli.cc\\\/shop\\\/\"},{\"@type\":\"ListItem\",\"position\":2,\"name\":\"Shop\",\"item\":\"https:\\\/\\\/www.ulli.cc\\\/shop\\\/shop\\\/\"},{\"@type\":\"ListItem\",\"position\":3,\"name\":\"Avast Essential Business Security (2 Jahre)\"}]},{\"@type\":\"WebSite\",\"@id\":\"https:\\\/\\\/www.ulli.cc\\\/shop\\\/#website\",\"url\":\"https:\\\/\\\/www.ulli.cc\\\/shop\\\/\",\"name\":\"IT PRO SHOP\",\"description\":\"\",\"publisher\":{\"@id\":\"https:\\\/\\\/www.ulli.cc\\\/shop\\\/#organization\"},\"alternateName\":\"Tierarztpraxis Wien\",\"potentialAction\":[{\"@type\":\"SearchAction\",\"target\":{\"@type\":\"EntryPoint\",\"urlTemplate\":\"https:\\\/\\\/www.ulli.cc\\\/shop\\\/?s={search_term_string}\"},\"query-input\":{\"@type\":\"PropertyValueSpecification\",\"valueRequired\":true,\"valueName\":\"search_term_string\"}}],\"inLanguage\":\"de\"},{\"@type\":\"Organization\",\"@id\":\"https:\\\/\\\/www.ulli.cc\\\/shop\\\/#organization\",\"name\":\"IT PRO SHOP\",\"url\":\"https:\\\/\\\/www.ulli.cc\\\/shop\\\/\",\"logo\":{\"@type\":\"ImageObject\",\"inLanguage\":\"de\",\"@id\":\"https:\\\/\\\/www.ulli.cc\\\/shop\\\/#\\\/schema\\\/logo\\\/image\\\/\",\"url\":\"https:\\\/\\\/www.ulli.cc\\\/shop\\\/wp-content\\\/uploads\\\/cropped-UlliLogo.png\",\"contentUrl\":\"https:\\\/\\\/www.ulli.cc\\\/shop\\\/wp-content\\\/uploads\\\/cropped-UlliLogo.png\",\"width\":519,\"height\":160,\"caption\":\"IT PRO SHOP\"},\"image\":{\"@id\":\"https:\\\/\\\/www.ulli.cc\\\/shop\\\/#\\\/schema\\\/logo\\\/image\\\/\"}}]}<\/script>\n<!-- \/ Yoast SEO plugin. -->","yoast_head_json":{"title":"Avast Essential Business Security (2 Jahre) - IT PRO SHOP","description":"Enth\u00e4lt die preisgekr\u00f6nte Antivirus-L\u00f6sung, um Unternehmen gegen Viren, Phishing, Ransomware und vielem mehr zu sch\u00fctzen.","robots":{"index":"index","follow":"follow","max-snippet":"max-snippet:-1","max-image-preview":"max-image-preview:large","max-video-preview":"max-video-preview:-1"},"canonical":"https:\/\/www.ulli.cc\/shop\/store\/avast-essential-business-security-2-jahre\/","og_locale":"de_DE","og_type":"article","og_title":"Avast Essential Business Security (2 Jahre) - IT PRO SHOP","og_description":"Enth\u00e4lt die preisgekr\u00f6nte Antivirus-L\u00f6sung, um Unternehmen gegen Viren, Phishing, Ransomware und vielem mehr zu sch\u00fctzen.","og_url":"https:\/\/www.ulli.cc\/shop\/store\/avast-essential-business-security-2-jahre\/","og_site_name":"IT PRO SHOP","article_modified_time":"2025-10-09T08:21:30+00:00","og_image":[{"width":900,"height":900,"url":"https:\/\/www.ulli.cc\/shop\/wp-content\/uploads\/Avast-Versionen-1.png","type":"image\/png"}],"twitter_misc":{"Gesch\u00e4tzte Lesezeit":"1\u00a0Minute"},"schema":{"@context":"https:\/\/schema.org","@graph":[{"@type":"WebPage","@id":"https:\/\/www.ulli.cc\/shop\/store\/avast-essential-business-security-2-jahre\/","url":"https:\/\/www.ulli.cc\/shop\/store\/avast-essential-business-security-2-jahre\/","name":"Avast Essential Business Security (2 Jahre) - IT PRO SHOP","isPartOf":{"@id":"https:\/\/www.ulli.cc\/shop\/#website"},"primaryImageOfPage":{"@id":"https:\/\/www.ulli.cc\/shop\/store\/avast-essential-business-security-2-jahre\/#primaryimage"},"image":{"@id":"https:\/\/www.ulli.cc\/shop\/store\/avast-essential-business-security-2-jahre\/#primaryimage"},"thumbnailUrl":"https:\/\/www.ulli.cc\/shop\/wp-content\/uploads\/Avast-Versionen-1.png","datePublished":"2025-10-02T08:47:03+00:00","dateModified":"2025-10-09T08:21:30+00:00","description":"Enth\u00e4lt die preisgekr\u00f6nte Antivirus-L\u00f6sung, um Unternehmen gegen Viren, Phishing, Ransomware und vielem mehr zu sch\u00fctzen.","breadcrumb":{"@id":"https:\/\/www.ulli.cc\/shop\/store\/avast-essential-business-security-2-jahre\/#breadcrumb"},"inLanguage":"de","potentialAction":[{"@type":"ReadAction","target":["https:\/\/www.ulli.cc\/shop\/store\/avast-essential-business-security-2-jahre\/"]}]},{"@type":"ImageObject","inLanguage":"de","@id":"https:\/\/www.ulli.cc\/shop\/store\/avast-essential-business-security-2-jahre\/#primaryimage","url":"https:\/\/www.ulli.cc\/shop\/wp-content\/uploads\/Avast-Versionen-1.png","contentUrl":"https:\/\/www.ulli.cc\/shop\/wp-content\/uploads\/Avast-Versionen-1.png","width":900,"height":900,"caption":"Avast Versionen"},{"@type":"BreadcrumbList","@id":"https:\/\/www.ulli.cc\/shop\/store\/avast-essential-business-security-2-jahre\/#breadcrumb","itemListElement":[{"@type":"ListItem","position":1,"name":"Home","item":"https:\/\/www.ulli.cc\/shop\/"},{"@type":"ListItem","position":2,"name":"Shop","item":"https:\/\/www.ulli.cc\/shop\/shop\/"},{"@type":"ListItem","position":3,"name":"Avast Essential Business Security (2 Jahre)"}]},{"@type":"WebSite","@id":"https:\/\/www.ulli.cc\/shop\/#website","url":"https:\/\/www.ulli.cc\/shop\/","name":"IT PRO SHOP","description":"","publisher":{"@id":"https:\/\/www.ulli.cc\/shop\/#organization"},"alternateName":"Tierarztpraxis Wien","potentialAction":[{"@type":"SearchAction","target":{"@type":"EntryPoint","urlTemplate":"https:\/\/www.ulli.cc\/shop\/?s={search_term_string}"},"query-input":{"@type":"PropertyValueSpecification","valueRequired":true,"valueName":"search_term_string"}}],"inLanguage":"de"},{"@type":"Organization","@id":"https:\/\/www.ulli.cc\/shop\/#organization","name":"IT PRO SHOP","url":"https:\/\/www.ulli.cc\/shop\/","logo":{"@type":"ImageObject","inLanguage":"de","@id":"https:\/\/www.ulli.cc\/shop\/#\/schema\/logo\/image\/","url":"https:\/\/www.ulli.cc\/shop\/wp-content\/uploads\/cropped-UlliLogo.png","contentUrl":"https:\/\/www.ulli.cc\/shop\/wp-content\/uploads\/cropped-UlliLogo.png","width":519,"height":160,"caption":"IT PRO SHOP"},"image":{"@id":"https:\/\/www.ulli.cc\/shop\/#\/schema\/logo\/image\/"}}]}},"uagb_featured_image_src":{"full":["https:\/\/www.ulli.cc\/shop\/wp-content\/uploads\/Avast-Versionen-1.png",900,900,false],"thumbnail":["https:\/\/www.ulli.cc\/shop\/wp-content\/uploads\/Avast-Versionen-1-150x150.png",150,150,true],"medium":["https:\/\/www.ulli.cc\/shop\/wp-content\/uploads\/Avast-Versionen-1-300x300.png",300,300,true],"medium_large":["https:\/\/www.ulli.cc\/shop\/wp-content\/uploads\/Avast-Versionen-1-768x768.png",768,768,true],"large":["https:\/\/www.ulli.cc\/shop\/wp-content\/uploads\/Avast-Versionen-1.png",900,900,false],"1536x1536":["https:\/\/www.ulli.cc\/shop\/wp-content\/uploads\/Avast-Versionen-1.png",900,900,false],"2048x2048":["https:\/\/www.ulli.cc\/shop\/wp-content\/uploads\/Avast-Versionen-1.png",900,900,false],"woocommerce_thumbnail":["https:\/\/www.ulli.cc\/shop\/wp-content\/uploads\/Avast-Versionen-1-300x300.png",300,300,true],"woocommerce_single":["https:\/\/www.ulli.cc\/shop\/wp-content\/uploads\/Avast-Versionen-1-600x600.png",600,600,true],"woocommerce_gallery_thumbnail":["https:\/\/www.ulli.cc\/shop\/wp-content\/uploads\/Avast-Versionen-1-100x100.png",100,100,true]},"uagb_author_info":{"display_name":"Ulli Koch","author_link":"https:\/\/www.ulli.cc\/shop\/author\/"},"uagb_comment_info":0,"uagb_excerpt":"Enth\u00e4lt die preisgekr\u00f6nte Antivirus-L\u00f6sung, um Unternehmen gegen Viren, Phishing, Ransomware, Spyware, Zero- Second-Bedrohungen, Sicherheitsl\u00fccken in WLAN- Netzwerken und vielem mehr zu sch\u00fctzen.","_links":{"self":[{"href":"https:\/\/www.ulli.cc\/shop\/wp-json\/wp\/v2\/product\/4908","targetHints":{"allow":["GET"]}}],"collection":[{"href":"https:\/\/www.ulli.cc\/shop\/wp-json\/wp\/v2\/product"}],"about":[{"href":"https:\/\/www.ulli.cc\/shop\/wp-json\/wp\/v2\/types\/product"}],"replies":[{"embeddable":true,"href":"https:\/\/www.ulli.cc\/shop\/wp-json\/wp\/v2\/comments?post=4908"}],"version-history":[{"count":1,"href":"https:\/\/www.ulli.cc\/shop\/wp-json\/wp\/v2\/product\/4908\/revisions"}],"predecessor-version":[{"id":4911,"href":"https:\/\/www.ulli.cc\/shop\/wp-json\/wp\/v2\/product\/4908\/revisions\/4911"}],"wp:featuredmedia":[{"embeddable":true,"href":"https:\/\/www.ulli.cc\/shop\/wp-json\/wp\/v2\/media\/5069"}],"wp:attachment":[{"href":"https:\/\/www.ulli.cc\/shop\/wp-json\/wp\/v2\/media?parent=4908"}],"wp:term":[{"taxonomy":"product_brand","embeddable":true,"href":"https:\/\/www.ulli.cc\/shop\/wp-json\/wp\/v2\/product_brand?post=4908"},{"taxonomy":"product_cat","embeddable":true,"href":"https:\/\/www.ulli.cc\/shop\/wp-json\/wp\/v2\/product_cat?post=4908"},{"taxonomy":"product_tag","embeddable":true,"href":"https:\/\/www.ulli.cc\/shop\/wp-json\/wp\/v2\/product_tag?post=4908"}],"curies":[{"name":"wp","href":"https:\/\/api.w.org\/{rel}","templated":true}]}}